{"id":1608,"date":"2025-07-28T13:37:31","date_gmt":"2025-07-28T13:37:31","guid":{"rendered":"https:\/\/www.kngstreets.com\/?page_id=1608"},"modified":"2025-08-20T13:39:53","modified_gmt":"2025-08-20T13:39:53","slug":"privacy-policy","status":"publish","type":"page","link":"https:\/\/www.kngstreets.com\/de\/privacy-policy\/","title":{"rendered":"Datenschutzbestimmungen"},"content":{"rendered":"<h2 class=\"wp-block-heading\">1. Wer wir sind<\/h2>\n\n\n\n<p>Unsere Website-Adresse lautet: <code>https:\/\/www.kngstreets.com<\/code> KNG Streets ist auf hochwertige Stra\u00dfenm\u00f6bel f\u00fcr den Au\u00dfenbereich spezialisiert, darunter B\u00e4nke, Sonnenliegen, Pflanzgef\u00e4\u00dfe, Abfallbeh\u00e4lter und Tische f\u00fcr gewerbliche und \u00f6ffentliche R\u00e4ume. Wir verpflichten uns, Ihre Privatsph\u00e4re zu sch\u00fctzen und Ihre Daten mit Transparenz und Sorgfalt zu behandeln.<\/p>\n\n\n\n<h2 class=\"wp-block-heading\">2. Welche personenbezogenen Daten wir sammeln und warum<\/h2>\n\n\n\n<p>Wir sammeln verschiedene Arten von Informationen f\u00fcr unterschiedliche Zwecke, um unseren Service f\u00fcr Sie bereitzustellen und zu verbessern.<\/p>\n\n\n\n<h2 class=\"wp-block-heading\">2.1. Informationen, die Sie direkt bereitstellen<\/h2>\n\n\n\n<ul class=\"wp-block-list\">\n<li><strong>Kontaktformulare:<\/strong> Wenn Sie unsere Kontaktformulare nutzen, um mit uns in Verbindung zu treten, erfassen wir die von Ihnen bereitgestellten Informationen, insbesondere Ihre <strong>Name, E-Mail-Adresse und Ihre Nachricht<\/strong>Diese Informationen werden ausschlie\u00dflich dazu verwendet, Ihre Anfrage zu verstehen, Ihre Fragen zu beantworten und Ihre Anfragen nach Informationen oder Dienstleistungen zu erf\u00fcllen. Wir verwenden diese Informationen nicht f\u00fcr Marketingzwecke, es sei denn, Sie fordern dies ausdr\u00fccklich in Ihrer Nachricht an.<\/li>\n<\/ul>\n\n\n\n<h2 class=\"wp-block-heading\">2.2. Automatisch gesammelte Informationen<\/h2>\n\n\n\n<ul class=\"wp-block-list\">\n<li><strong>Cookies:<\/strong> Unsere Website verwendet \u201eCookies\u201c, um Ihr Surferlebnis zu verbessern. Cookies sind kleine auf Ihrem Ger\u00e4t gespeicherte Datendateien, die uns helfen, Ihre Pr\u00e4ferenzen zu speichern, die Website-Nutzung zu verfolgen und die Funktionalit\u00e4t der Website zu verbessern. Diese Cookies k\u00f6nnen Sitzungscookies (die gel\u00f6scht werden, wenn Sie Ihren Browser schlie\u00dfen) oder dauerhafte Cookies (die f\u00fcr einen bestimmten Zeitraum auf Ihrem Ger\u00e4t verbleiben oder bis Sie sie l\u00f6schen) sein. Sie haben die M\u00f6glichkeit, die Cookie-Einstellungen \u00fcber Ihren Webbrowser zu steuern.<\/li>\n\n\n\n<li><strong>Google Analytics:<\/strong> Wir verwenden Google Analytics, einen von Google bereitgestellten Webanalysedienst, um zu verstehen, wie Besucher mit unserer Website interagieren. Dieser Dienst sammelt anonymisierte Daten wie Ihre IP-Adresse, den Browsertyp, das Betriebssystem, die besuchten Seiten und die auf unserer Website verbrachte Zeit. Diese Daten werden verwendet, um den Website-Verkehr zu analysieren, beliebte Inhalte zu identifizieren und die Leistung, den Inhalt und die Benutzererfahrung unserer Website zu verbessern. Die F\u00e4higkeit von Google, die von Google Analytics gesammelten Informationen \u00fcber Ihre Besuche auf dieser Website zu verwenden und weiterzugeben, wird durch die Nutzungsbedingungen von Google Analytics und die Google-Datenschutzrichtlinie eingeschr\u00e4nkt.<\/li>\n<\/ul>\n\n\n\n<h2 class=\"wp-block-heading\">2.3. Kommentare:<\/h2>\n\n\n\n<p>Wenn Besucher Kommentare auf unserer Website hinterlassen, sammeln wir die im Kommentarformular angezeigten Daten (Ihr Name, Ihre E-Mail-Adresse und der Kommentartekst) sowie die IP-Adresse des Besuchers und den Browser-User-Agent-String zur Spam-Erkennung. Ein aus Ihrer E-Mail-Adresse erstellter anonymisierter String (auch als Hash bezeichnet) kann an den Gravatar-Dienst \u00fcbermittelt werden, um festzustellen, ob Sie diesen nutzen. Die Datenschutzrichtlinie des Gravatar-Dienstes finden Sie hier: <code>https:\/\/automattic.com\/privacy\/<\/code>Nach Genehmigung Ihres Kommentars ist Ihr Profilbild (sofern mit Gravatar verkn\u00fcpft) im Kontext Ihres Kommentars \u00f6ffentlich sichtbar.<\/p>\n\n\n\n<h2 class=\"wp-block-heading\">3. Wie wir Ihre Daten verwenden<\/h2>\n\n\n\n<p>Wir verwenden die von uns gesammelten Informationen f\u00fcr verschiedene Zwecke, darunter:<\/p>\n\n\n\n<ul class=\"wp-block-list\">\n<li>Zur Bereitstellung und Wartung unserer Website und Dienstleistungen.<\/li>\n\n\n\n<li>Um auf Ihre Anfragen zu antworten und Ihre \u00fcber Kontaktformulare gestellten W\u00fcnsche zu erf\u00fcllen.<\/li>\n\n\n\n<li>Um den Inhalt, die Produkte und Dienstleistungen unserer Website auf der Grundlage von aggregiertem Nutzerverhalten und Feedback zu verbessern.<\/li>\n\n\n\n<li>Zur Analyse der Website-Nutzung und Trends, um Funktionalit\u00e4t und Benutzererfahrung zu verbessern.<\/li>\n\n\n\n<li>Zur Einhaltung gesetzlicher Verpflichtungen und zur Verhinderung betr\u00fcgerischer Aktivit\u00e4ten.<\/li>\n<\/ul>\n\n\n\n<h2 class=\"wp-block-heading\">Mit wem wir Ihre Daten teilen<\/h2>\n\n\n\n<p>Wir verkaufen oder vermieten Ihre personenbezogenen Daten nicht an Dritte. Wir k\u00f6nnen Ihre Daten teilen mit:<\/p>\n\n\n\n<ul class=\"wp-block-list\">\n<li><strong>Dienstleister:<\/strong> Wir beauftragen vertrauensw\u00fcrdige Drittunternehmen und Einzelpersonen, um unsere Website und Dienstleistungen zu erleichtern (z. B. Web-Hosting, Analyseanbieter wie Google Analytics, automatische Spam-Erkennungsdienste). Diese Parteien sind verpflichtet, Ihre Informationen vertraulich zu behandeln und sie nur f\u00fcr die spezifischen Zwecke zu verwenden, f\u00fcr die wir sie ihnen offengelegt haben.<\/li>\n\n\n\n<li><strong>Gesetzliche Anforderungen:<\/strong> Wir k\u00f6nnen Ihre personenbezogenen Daten offenlegen, wenn dies gesetzlich vorgeschrieben ist oder als Reaktion auf g\u00fcltige Anfragen von Beh\u00f6rden (z. B. ein Gerichtsbeschluss oder eine Regierungsbeh\u00f6rde).<\/li>\n<\/ul>\n\n\n\n<h2 class=\"wp-block-heading\">5. Wie lange wir Ihre Daten aufbewahren<\/h2>\n\n\n\n<ul class=\"wp-block-list\">\n<li><strong>Kontaktformular-Einsendungen:<\/strong> Wir bewahren Kontaktformular-Einsendungen f\u00fcr einen Zeitraum auf <strong>1 Jahr<\/strong> f\u00fcr Kundendienst- und Aufzeichnungszwecke.<\/li>\n\n\n\n<li><strong>Kommentare:<\/strong> Wenn Sie einen Kommentar hinterlassen, werden der Kommentar und seine Metadaten auf unbestimmte Zeit gespeichert. Dies dient dazu, dass wir Folgekommentare automatisch erkennen und genehmigen k\u00f6nnen, anstatt sie in einer Moderationswarteschlange zu halten.<\/li>\n\n\n\n<li><strong>Analyse-Daten:<\/strong> Google Analytics-Daten werden gem\u00e4\u00df den Datenaufbewahrungsrichtlinien von Google gespeichert. Sie k\u00f6nnen dies in der Regel in Ihrem Google Analytics-Konto konfigurieren (der Standardwert betr\u00e4gt oft 26 Monate f\u00fcr Daten auf Benutzer- und Ereignisebene).<\/li>\n<\/ul>\n\n\n\n<h2 class=\"wp-block-heading\">6. Welche Rechte Sie an Ihren Daten haben<\/h2>\n\n\n\n<p>Sie haben das Recht:<\/p>\n\n\n\n<ul class=\"wp-block-list\">\n<li><strong>Zugriff:<\/strong> Eine Kopie der von uns \u00fcber Sie gespeicherten personenbezogenen Daten anzufordern.<\/li>\n\n\n\n<li><strong>Berichtigung:<\/strong> Die Berichtigung ungenauer oder unvollst\u00e4ndiger Daten, die wir \u00fcber Sie gespeichert haben, zu verlangen.<\/li>\n\n\n\n<li><strong>L\u00f6schung:<\/strong> Die L\u00f6schung Ihrer personenbezogenen Daten unter bestimmten Bedingungen zu verlangen (z. B. wenn sie f\u00fcr den Zweck, f\u00fcr den sie gesammelt wurden, nicht mehr erforderlich sind).<\/li>\n\n\n\n<li><strong>Objekt:<\/strong> Der Verarbeitung Ihrer personenbezogenen Daten unter bestimmten Bedingungen zu widersprechen.<\/li>\n\n\n\n<li><strong>Einschr\u00e4nkung:<\/strong> Die Einschr\u00e4nkung der Verarbeitung Ihrer personenbezogenen Daten unter bestimmten Bedingungen zu verlangen.<\/li>\n\n\n\n<li><strong>Daten\u00fcbertragbarkeit:<\/strong> Die \u00dcbertragung der von uns gesammelten Daten an eine andere Organisation oder direkt an Sie unter bestimmten Bedingungen zu verlangen.<\/li>\n<\/ul>\n\n\n\n<p>Um eines dieser Rechte auszu\u00fcben, kontaktieren Sie uns bitte \u00fcber die unten stehenden Informationen.<\/p>\n\n\n\n<h2 class=\"wp-block-heading\">7. Wohin wir Ihre Daten senden<\/h2>\n\n\n\n<p>Besucherkommentare k\u00f6nnen durch einen automatisierten Spam-Erkennungsdienst \u00fcberpr\u00fcft werden. Die \u00fcber Google Analytics gesammelten Daten werden von Google auf Servern verarbeitet, die sich m\u00f6glicherweise au\u00dferhalb Ihres Landes befinden.<\/p>\n\n\n\n<h2 class=\"wp-block-heading\">8. Kontaktinformationen<\/h2>\n\n\n\n<p>Wenn Sie Fragen zu dieser Datenschutzrichtlinie, unseren Datenpraktiken oder zur Aus\u00fcbung Ihrer Datenrechte haben, kontaktieren Sie uns bitte:<\/p>\n\n\n\n<p class=\"has-vivid-cyan-blue-color has-text-color has-link-color wp-elements-7bb989152efdf7846aa6e0ea053ea211\">Email: info@kngstreets.com<\/p>","protected":false},"excerpt":{"rendered":"<p>1. Who We Are Our website address is: https:\/\/www.kngstreets.com KNG Streets specializes in premium outdoor street furniture, including benches, sun loungers, planters, waste bins, and tables, for commercial and public&#8230;<\/p>","protected":false},"author":3,"featured_media":0,"parent":0,"menu_order":0,"comment_status":"closed","ping_status":"closed","template":"","meta":{"footnotes":""},"class_list":["post-1608","page","type-page","status-publish"],"_links":{"self":[{"href":"https:\/\/www.kngstreets.com\/de\/wp-json\/wp\/v2\/pages\/1608","targetHints":{"allow":["GET"]}}],"collection":[{"href":"https:\/\/www.kngstreets.com\/de\/wp-json\/wp\/v2\/pages"}],"about":[{"href":"https:\/\/www.kngstreets.com\/de\/wp-json\/wp\/v2\/types\/page"}],"author":[{"embeddable":true,"href":"https:\/\/www.kngstreets.com\/de\/wp-json\/wp\/v2\/users\/3"}],"replies":[{"embeddable":true,"href":"https:\/\/www.kngstreets.com\/de\/wp-json\/wp\/v2\/comments?post=1608"}],"version-history":[{"count":3,"href":"https:\/\/www.kngstreets.com\/de\/wp-json\/wp\/v2\/pages\/1608\/revisions"}],"predecessor-version":[{"id":1967,"href":"https:\/\/www.kngstreets.com\/de\/wp-json\/wp\/v2\/pages\/1608\/revisions\/1967"}],"wp:attachment":[{"href":"https:\/\/www.kngstreets.com\/de\/wp-json\/wp\/v2\/media?parent=1608"}],"curies":[{"name":"wp","href":"https:\/\/api.w.org\/{rel}","templated":true}]}}