{"id":362,"date":"2024-03-13T21:21:19","date_gmt":"2024-03-13T21:21:19","guid":{"rendered":"https:\/\/www.kngstreets.com\/?page_id=362"},"modified":"2025-07-23T11:23:50","modified_gmt":"2025-07-23T11:23:50","slug":"about-us","status":"publish","type":"page","link":"https:\/\/www.kngstreets.com\/de\/about-us\/","title":{"rendered":"About us"},"content":{"rendered":"<div data-elementor-type=\"wp-page\" data-elementor-id=\"362\" class=\"elementor elementor-362\" data-elementor-post-type=\"page\">\n\t\t\t\t<div class=\"elementor-element elementor-element-bd225da e-flex e-con-boxed e-con e-parent\" data-id=\"bd225da\" data-element_type=\"container\" data-e-type=\"container\">\n\t\t\t\t\t<div class=\"e-con-inner\">\n\t\t\t\t<div class=\"elementor-element elementor-element-8ebc24f elementor-widget elementor-widget-heading\" data-id=\"8ebc24f\" data-element_type=\"widget\" data-e-type=\"widget\" data-widget_type=\"heading.default\">\n\t\t\t\t<div class=\"elementor-widget-container\">\n\t\t\t\t\t<h2 class=\"elementor-heading-title elementor-size-default\">\u00dcBER UNS<\/h2>\t\t\t\t<\/div>\n\t\t\t\t<\/div>\n\t\t\t\t\t<\/div>\n\t\t\t\t<\/div>\n\t\t<div class=\"elementor-element elementor-element-a7b797f e-flex e-con-boxed e-con e-parent\" data-id=\"a7b797f\" data-element_type=\"container\" data-e-type=\"container\">\n\t\t\t\t\t<div class=\"e-con-inner\">\n\t\t\t\t<div class=\"elementor-element elementor-element-720593c elementor-widget elementor-widget-text-editor\" data-id=\"720593c\" data-element_type=\"widget\" data-e-type=\"widget\" data-widget_type=\"text-editor.default\">\n\t\t\t\t<div class=\"elementor-widget-container\">\n\t\t\t\t\t\t\t\t\t<div class=\"elementor-element elementor-element-6942fc6 elementor-widget elementor-widget-icontact_info\" data-id=\"6942fc6\" data-element_type=\"widget\" data-widget_type=\"icontact_info.default\"><div class=\"elementor-widget-container\"><div class=\"contact-info\"><div class=\"info-text\"><p id=\"tw-target-text\" class=\"tw-data-text tw-text-large tw-ta\" dir=\"ltr\" data-placeholder=\"\u00c7eviri\" aria-label=\"\u00c7evrilmi\u015f metin\" data-ved=\"2ahUKEwjP04yF2oaGAxXHgSoKHVerDlMQ3ewLegQICBAU\"><span class=\"Y2IQFc\" lang=\"en\">\u00a0 \u00a0 \u00a0 We aim to add art and aesthetics to outdoor spaces, combining function and beauty. We are an architectural firm that aims to create production. <\/span><span class=\"Y2IQFc\" lang=\"en\">KNG architecture Our expert team combines modern life with the unique beauties of nature. Creating special and magnificent outdoor spaces by combining the style of and for this purpose the life of KNG street was realized. <\/span><\/p><p class=\"tw-data-text tw-text-large tw-ta\" dir=\"ltr\" data-placeholder=\"\u00c7eviri\" aria-label=\"\u00c7evrilmi\u015f metin\" data-ved=\"2ahUKEwjP04yF2oaGAxXHgSoKHVerDlMQ3ewLegQICBAU\"><span class=\"Y2IQFc\" lang=\"en\">\u00a0 \u00a0 \u00a0 Our vision is to offer unique and original outdoor designs for each product. meets expectations. Compatible with nature, durable and We aim to add value to our environment by producing aesthetic care. In each of our designs, we aim to make our outdoor spaces more beautiful and functional. <\/span><span class=\"Y2IQFc\" lang=\"en\">To combine our aesthetic understanding and engineering knowledge to realize our system. <\/span><\/p><p class=\"tw-data-text tw-text-large tw-ta\" dir=\"ltr\" data-placeholder=\"\u00c7eviri\" aria-label=\"\u00c7evrilmi\u015f metin\" data-ved=\"2ahUKEwjP04yF2oaGAxXHgSoKHVerDlMQ3ewLegQICBAU\"><span class=\"Y2IQFc\" lang=\"en\">\u00a0 \u00a0 \u00a0 Our founders, Interior Architect Alikaan \u015eenozan and G\u00f6khan \u015eenozan, designed our outdoor spaces. They set a goal to transform the formations of their dreams and KNG They established the Street.<\/span><\/p><p class=\"tw-data-text tw-text-large tw-ta\" dir=\"ltr\" data-placeholder=\"\u00c7eviri\" aria-label=\"\u00c7evrilmi\u015f metin\" data-ved=\"2ahUKEwjP04yF2oaGAxXHgSoKHVerDlMQ3ewLegQICBAU\"><span class=\"Y2IQFc\" lang=\"en\">\u00a0 \u00a0 \u00a0 Functionality, aesthetic space and We offer special solutions for each project by adhering to the rules of durability. By keeping the customer at the forefront, we set quality standards in our projects. We are on our way to becoming a leader with high consistency and continuous improvement.<\/span><\/p><\/div><\/div><\/div><\/div>\t\t\t\t\t\t\t\t<\/div>\n\t\t\t\t<\/div>\n\t\t\t\t\t<\/div>\n\t\t\t\t<\/div>\n\t\t<div class=\"elementor-element elementor-element-2c279ca e-flex e-con-boxed e-con e-parent\" data-id=\"2c279ca\" data-element_type=\"container\" data-e-type=\"container\">\n\t\t\t\t\t<div class=\"e-con-inner\">\n\t\t\t\t<div class=\"elementor-element elementor-element-c3483f6 elementor-widget elementor-widget-image\" data-id=\"c3483f6\" data-element_type=\"widget\" data-e-type=\"widget\" data-widget_type=\"image.default\">\n\t\t\t\t<div class=\"elementor-widget-container\">\n\t\t\t\t\t\t\t\t\t\t\t\t\t\t\t<img decoding=\"async\" src=\"https:\/\/www.kngstreets.com\/wp-content\/uploads\/elementor\/thumbs\/silhouette-view-business-people-team-group-meeting-scaled-r96jb99sky628mociup7i7uw4jc3f0pw30shv1bans.webp\" title=\"Silhouette view of business people team in group meeting\" alt=\"Silhouette view of business people team in group meeting\" loading=\"lazy\" \/>\t\t\t\t\t\t\t\t\t\t\t\t\t\t\t<\/div>\n\t\t\t\t<\/div>\n\t\t\t\t\t<\/div>\n\t\t\t\t<\/div>\n\t\t<div class=\"elementor-element elementor-element-a698496 e-flex e-con-boxed e-con e-parent\" data-id=\"a698496\" data-element_type=\"container\" data-e-type=\"container\">\n\t\t\t\t\t<div class=\"e-con-inner\">\n\t\t\t\t<div class=\"elementor-element elementor-element-a74f0b3 elementor-headline--style-highlight elementor-widget elementor-widget-animated-headline\" data-id=\"a74f0b3\" data-element_type=\"widget\" data-e-type=\"widget\" data-settings=\"{&quot;highlighted_text&quot;:&quot;Why US?&quot;,&quot;headline_style&quot;:&quot;highlight&quot;,&quot;marker&quot;:&quot;circle&quot;,&quot;loop&quot;:&quot;yes&quot;,&quot;highlight_animation_duration&quot;:1200,&quot;highlight_iteration_delay&quot;:8000}\" data-widget_type=\"animated-headline.default\">\n\t\t\t\t<div class=\"elementor-widget-container\">\n\t\t\t\t\t\t\t<h3 class=\"elementor-headline\">\n\t\t\t\t\t<span class=\"elementor-headline-plain-text elementor-headline-text-wrapper\">This Our main goal in progress is to present design with durability. <\/span>\n\t\t\t\t<span class=\"elementor-headline-dynamic-wrapper elementor-headline-text-wrapper\">\n\t\t\t\t\t<span class=\"elementor-headline-dynamic-text elementor-headline-text-active\">Why US?<\/span>\n\t\t\t\t<\/span>\n\t\t\t\t<\/h3>\n\t\t\t\t\t\t<\/div>\n\t\t\t\t<\/div>\n\t\t\t\t\t<\/div>\n\t\t\t\t<\/div>\n\t\t<div class=\"elementor-element elementor-element-d0b700c e-flex e-con-boxed e-con e-parent\" data-id=\"d0b700c\" data-element_type=\"container\" data-e-type=\"container\">\n\t\t\t\t\t<div class=\"e-con-inner\">\n\t\t\t\t<div class=\"elementor-element elementor-element-0c3185a elementor-widget elementor-widget-text-editor\" data-id=\"0c3185a\" data-element_type=\"widget\" data-e-type=\"widget\" data-widget_type=\"text-editor.default\">\n\t\t\t\t<div class=\"elementor-widget-container\">\n\t\t\t\t\t\t\t\t\t<p class=\"tw-data-text tw-text-large tw-ta\" dir=\"ltr\" data-placeholder=\"\u00c7eviri\" aria-label=\"\u00c7evrilmi\u015f metin\" data-ved=\"2ahUKEwjP04yF2oaGAxXHgSoKHVerDlMQ3ewLegQICBAU\"><span class=\"Y2IQFc\" lang=\"en\">\u2022 Project-specific solutions with a talented and skilled team in the field We meet your outdoor needs by offering.<\/span><\/p><p class=\"tw-data-text tw-text-large tw-ta\" dir=\"ltr\" data-placeholder=\"\u00c7eviri\" aria-label=\"\u00c7evrilmi\u015f metin\" data-ved=\"2ahUKEwjP04yF2oaGAxXHgSoKHVerDlMQ3ewLegQICBAU\"><span class=\"Y2IQFc\" lang=\"en\">\u2022 Our designs offer practicality, functionality and visual appeal. We offer it to you in accordance with our principles.<\/span><\/p><p class=\"tw-data-text tw-text-large tw-ta\" dir=\"ltr\" data-placeholder=\"\u00c7eviri\" aria-label=\"\u00c7evrilmi\u015f metin\" data-ved=\"2ahUKEwjP04yF2oaGAxXHgSoKHVerDlMQ3ewLegQICBAU\"><span class=\"Y2IQFc\" lang=\"en\"> \u2022 Fulfill our responsibility by establishing friendly relations with nature We bring.<\/span><\/p><p class=\"tw-data-text tw-text-large tw-ta\" dir=\"ltr\" data-placeholder=\"\u00c7eviri\" aria-label=\"\u00c7evrilmi\u015f metin\" data-ved=\"2ahUKEwjP04yF2oaGAxXHgSoKHVerDlMQ3ewLegQICBAU\"><span class=\"Y2IQFc\" lang=\"en\">\u2022 Distribute parts and strive to meet expectations We. Start participating in the process of creating your harmonious outdoor spaces from the very beginning What you want is to reach us. Survive in your dream world We are here for you. <\/span><\/p><p class=\"tw-data-text tw-text-large tw-ta\" dir=\"ltr\" data-placeholder=\"\u00c7eviri\" aria-label=\"\u00c7evrilmi\u015f metin\" data-ved=\"2ahUKEwjP04yF2oaGAxXHgSoKHVerDlMQ3ewLegQICBAU\"><strong><span class=\"Y2IQFc\" lang=\"en\">Contact us to create your dream outdoor world!<\/span><\/strong><\/p>\t\t\t\t\t\t\t\t<\/div>\n\t\t\t\t<\/div>\n\t\t\t\t\t<\/div>\n\t\t\t\t<\/div>\n\t\t\t\t<\/div>","protected":false},"excerpt":{"rendered":"<p>ABOUT US \u00a0 \u00a0 \u00a0 We aim to add art and aesthetics to outdoor spaces, combining function and beauty. We are an architectural firm that aims to create production. KNG&#8230;<\/p>","protected":false},"author":3,"featured_media":0,"parent":0,"menu_order":0,"comment_status":"open","ping_status":"closed","template":"","meta":{"footnotes":""},"class_list":["post-362","page","type-page","status-publish"],"_links":{"self":[{"href":"https:\/\/www.kngstreets.com\/de\/wp-json\/wp\/v2\/pages\/362","targetHints":{"allow":["GET"]}}],"collection":[{"href":"https:\/\/www.kngstreets.com\/de\/wp-json\/wp\/v2\/pages"}],"about":[{"href":"https:\/\/www.kngstreets.com\/de\/wp-json\/wp\/v2\/types\/page"}],"author":[{"embeddable":true,"href":"https:\/\/www.kngstreets.com\/de\/wp-json\/wp\/v2\/users\/3"}],"replies":[{"embeddable":true,"href":"https:\/\/www.kngstreets.com\/de\/wp-json\/wp\/v2\/comments?post=362"}],"version-history":[{"count":25,"href":"https:\/\/www.kngstreets.com\/de\/wp-json\/wp\/v2\/pages\/362\/revisions"}],"predecessor-version":[{"id":1385,"href":"https:\/\/www.kngstreets.com\/de\/wp-json\/wp\/v2\/pages\/362\/revisions\/1385"}],"wp:attachment":[{"href":"https:\/\/www.kngstreets.com\/de\/wp-json\/wp\/v2\/media?parent=362"}],"curies":[{"name":"wp","href":"https:\/\/api.w.org\/{rel}","templated":true}]}}