{"id":759,"date":"2024-05-09T20:32:32","date_gmt":"2024-05-09T20:32:32","guid":{"rendered":"https:\/\/www.kngstreets.com\/?page_id=759"},"modified":"2025-07-28T11:32:05","modified_gmt":"2025-07-28T11:32:05","slug":"outdoor-tables","status":"publish","type":"page","link":"https:\/\/www.kngstreets.com\/de\/outdoor-tables\/","title":{"rendered":"Ourdoor Tables"},"content":{"rendered":"<div data-elementor-type=\"wp-page\" data-elementor-id=\"759\" class=\"elementor elementor-759\" data-elementor-post-type=\"page\">\n\t\t\t\t<div class=\"elementor-element elementor-element-53c0b2f e-con-full e-flex elementor-invisible e-con e-parent\" data-id=\"53c0b2f\" data-element_type=\"container\" data-e-type=\"container\" data-settings=\"{&quot;background_background&quot;:&quot;classic&quot;,&quot;animation&quot;:&quot;fadeInDown&quot;}\">\n\t\t\t\t<div class=\"elementor-element elementor-element-d845b06 elementor-widget__width-auto elementor-widget elementor-widget-heading\" data-id=\"d845b06\" data-element_type=\"widget\" data-e-type=\"widget\" data-widget_type=\"heading.default\">\n\t\t\t\t<div class=\"elementor-widget-container\">\n\t\t\t\t\t<h1 class=\"elementor-heading-title elementor-size-default\">Au\u00dfentische<\/h1>\t\t\t\t<\/div>\n\t\t\t\t<\/div>\n\t\t\t\t<\/div>\n\t\t<div class=\"elementor-element elementor-element-8668d9b e-flex e-con-boxed e-con e-parent\" data-id=\"8668d9b\" data-element_type=\"container\" data-e-type=\"container\">\n\t\t\t\t\t<div class=\"e-con-inner\">\n\t\t\t\t<div class=\"elementor-element elementor-element-907d102 elementor-widget__width-initial elementor-widget elementor-widget-text-editor\" data-id=\"907d102\" data-element_type=\"widget\" data-e-type=\"widget\" data-widget_type=\"text-editor.default\">\n\t\t\t\t<div class=\"elementor-widget-container\">\n\t\t\t\t\t\t\t\t\t<p>bei <b><span style=\"color: #0095ab;\"><b>KNG Streets<\/b><\/span><\/b>, wir glauben, dass Au\u00dfentische grundlegend sind, um einladende und funktionale Gemeinschaftsbereiche zu schaffen. Unser sorgf\u00e4ltig gefertigter Au\u00dfentisch ist als Mittelpunkt konzipiert. <a href=\"https:\/\/kutir.co.uk\/outdoor-dining-benefits\/\" target=\"_blank\" rel=\"noopener\">f\u00fcr gemeinsame Mahlzeiten, lebhafte Gespr\u00e4che und kollaborative Momente<\/a> In jeder \u00f6ffentlichen oder kommerziellen Umgebung. Diese Tisch kombiniert robuste Bauweise mit durchdachtem Design, bietet unvergleichliche Haltbarkeit und zeitlose \u00e4sthetische Anziehungskraft und ist die ideale L\u00f6sung f\u00fcr Parks, Caf\u00e9s, Unternehmenscampusse und st\u00e4dtische Pl\u00e4tze, an denen Menschen essen, sich entspannen und Kontakte kn\u00fcpfen.<\/p>\t\t\t\t\t\t\t\t<\/div>\n\t\t\t\t<\/div>\n\t\t\t\t<div class=\"elementor-element elementor-element-547d472 elementor-widget-divider--view-line elementor-widget elementor-widget-divider\" data-id=\"547d472\" data-element_type=\"widget\" data-e-type=\"widget\" data-widget_type=\"divider.default\">\n\t\t\t\t<div class=\"elementor-widget-container\">\n\t\t\t\t\t\t\t<div class=\"elementor-divider\">\n\t\t\t<span class=\"elementor-divider-separator\">\n\t\t\t\t\t\t<\/span>\n\t\t<\/div>\n\t\t\t\t\t\t<\/div>\n\t\t\t\t<\/div>\n\t\t\t\t<div class=\"elementor-element elementor-element-b036d44 elementor-widget elementor-widget-menu-anchor\" data-id=\"b036d44\" data-element_type=\"widget\" data-e-type=\"widget\" data-widget_type=\"menu-anchor.default\">\n\t\t\t\t<div class=\"elementor-widget-container\">\n\t\t\t\t\t\t\t<div class=\"elementor-menu-anchor\" id=\"outdoor-planters\"><\/div>\n\t\t\t\t\t\t<\/div>\n\t\t\t\t<\/div>\n\t\t\t\t\t<\/div>\n\t\t\t\t<\/div>\n\t\t<div class=\"elementor-element elementor-element-f043768 e-flex e-con-boxed e-con e-parent\" data-id=\"f043768\" data-element_type=\"container\" data-e-type=\"container\">\n\t\t\t\t\t<div class=\"e-con-inner\">\n\t\t\t\t<div class=\"elementor-element elementor-element-99ced1b elementor-widget elementor-widget-gallery\" data-id=\"99ced1b\" data-element_type=\"widget\" data-e-type=\"widget\" data-settings=\"{&quot;lazyload&quot;:&quot;yes&quot;,&quot;gallery_layout&quot;:&quot;grid&quot;,&quot;columns&quot;:4,&quot;columns_tablet&quot;:2,&quot;columns_mobile&quot;:1,&quot;gap&quot;:{&quot;unit&quot;:&quot;px&quot;,&quot;size&quot;:10,&quot;sizes&quot;:[]},&quot;gap_tablet&quot;:{&quot;unit&quot;:&quot;px&quot;,&quot;size&quot;:10,&quot;sizes&quot;:[]},&quot;gap_mobile&quot;:{&quot;unit&quot;:&quot;px&quot;,&quot;size&quot;:10,&quot;sizes&quot;:[]},&quot;link_to&quot;:&quot;file&quot;,&quot;aspect_ratio&quot;:&quot;3:2&quot;,&quot;overlay_background&quot;:&quot;yes&quot;,&quot;content_hover_animation&quot;:&quot;fade-in&quot;}\" data-widget_type=\"gallery.default\">\n\t\t\t\t<div class=\"elementor-widget-container\">\n\t\t\t\t\t\t\t\t<div class=\"elementor-gallery__titles-container e--pointer-underline e--animation-fade\" aria-label=\"Gallery filter\">\n\t\t\t\t\n\t\t\t\t\t\t\t\t\t<a class=\"elementor-item elementor-gallery-title\" role=\"button\" tabindex=\"0\" data-gallery-index=\"0\">\n\t\t\t\t\t\tLa Rambla\t\t\t\t\t<\/a>\n\t\t\t\t\t\t\t\t<\/div>\n\t\t\t\t\t<div class=\"elementor-gallery__container\">\n\t\t\t\t\t\t\t<a class=\"e-gallery-item elementor-gallery-item elementor-animated-content\" data-e-gallery-tags=\"0\" href=\"https:\/\/www.kngstreets.com\/wp-content\/uploads\/2024\/05\/La-Rambla-Tables-3-scaled.jpg\" data-elementor-open-lightbox=\"yes\" data-elementor-lightbox-slideshow=\"99ced1b\" data-elementor-lightbox-title=\"La Rambla Tables (3)\" data-e-action-hash=\"#elementor-action%3Aaction%3Dlightbox%26settings%3DeyJpZCI6NzY0LCJ1cmwiOiJodHRwczpcL1wvd3d3LmtuZ3N0cmVldHMuY29tXC93cC1jb250ZW50XC91cGxvYWRzXC8yMDI0XC8wNVwvTGEtUmFtYmxhLVRhYmxlcy0zLXNjYWxlZC5qcGciLCJzbGlkZXNob3ciOiI5OWNlZDFiIn0%3D\">\n\t\t\t\t\t<div class=\"e-gallery-image elementor-gallery-item__image\" data-thumbnail=\"https:\/\/www.kngstreets.com\/wp-content\/uploads\/2024\/05\/La-Rambla-Tables-3-500x333.jpg\" data-width=\"500\" data-height=\"333\" aria-label=\"\" role=\"img\" ><\/div>\n\t\t\t\t\t\t\t\t\t\t\t<div class=\"elementor-gallery-item__overlay\"><\/div>\n\t\t\t\t\t\t\t\t\t\t\t\t\t\t<\/a>\n\t\t\t\t\t\t\t<a class=\"e-gallery-item elementor-gallery-item elementor-animated-content\" data-e-gallery-tags=\"0\" href=\"https:\/\/www.kngstreets.com\/wp-content\/uploads\/2024\/05\/La-Rambla-Tables-4-scaled.jpg\" data-elementor-open-lightbox=\"yes\" data-elementor-lightbox-slideshow=\"99ced1b\" data-elementor-lightbox-title=\"La Rambla Tables (4)\" data-e-action-hash=\"#elementor-action%3Aaction%3Dlightbox%26settings%3DeyJpZCI6NzY1LCJ1cmwiOiJodHRwczpcL1wvd3d3LmtuZ3N0cmVldHMuY29tXC93cC1jb250ZW50XC91cGxvYWRzXC8yMDI0XC8wNVwvTGEtUmFtYmxhLVRhYmxlcy00LXNjYWxlZC5qcGciLCJzbGlkZXNob3ciOiI5OWNlZDFiIn0%3D\">\n\t\t\t\t\t<div class=\"e-gallery-image elementor-gallery-item__image\" data-thumbnail=\"https:\/\/www.kngstreets.com\/wp-content\/uploads\/2024\/05\/La-Rambla-Tables-4-500x333.jpg\" data-width=\"500\" data-height=\"333\" aria-label=\"\" role=\"img\" ><\/div>\n\t\t\t\t\t\t\t\t\t\t\t<div class=\"elementor-gallery-item__overlay\"><\/div>\n\t\t\t\t\t\t\t\t\t\t\t\t\t\t<\/a>\n\t\t\t\t\t\t\t<a class=\"e-gallery-item elementor-gallery-item elementor-animated-content\" data-e-gallery-tags=\"0\" href=\"https:\/\/www.kngstreets.com\/wp-content\/uploads\/2024\/05\/La-Rambla-Tables-5-scaled.jpg\" data-elementor-open-lightbox=\"yes\" data-elementor-lightbox-slideshow=\"99ced1b\" data-elementor-lightbox-title=\"La Rambla Tables (5)\" data-e-action-hash=\"#elementor-action%3Aaction%3Dlightbox%26settings%3DeyJpZCI6NzY2LCJ1cmwiOiJodHRwczpcL1wvd3d3LmtuZ3N0cmVldHMuY29tXC93cC1jb250ZW50XC91cGxvYWRzXC8yMDI0XC8wNVwvTGEtUmFtYmxhLVRhYmxlcy01LXNjYWxlZC5qcGciLCJzbGlkZXNob3ciOiI5OWNlZDFiIn0%3D\">\n\t\t\t\t\t<div class=\"e-gallery-image elementor-gallery-item__image\" data-thumbnail=\"https:\/\/www.kngstreets.com\/wp-content\/uploads\/2024\/05\/La-Rambla-Tables-5-500x333.jpg\" data-width=\"500\" data-height=\"333\" aria-label=\"\" role=\"img\" ><\/div>\n\t\t\t\t\t\t\t\t\t\t\t<div class=\"elementor-gallery-item__overlay\"><\/div>\n\t\t\t\t\t\t\t\t\t\t\t\t\t\t<\/a>\n\t\t\t\t\t\t\t<a class=\"e-gallery-item elementor-gallery-item elementor-animated-content\" data-e-gallery-tags=\"0\" href=\"https:\/\/www.kngstreets.com\/wp-content\/uploads\/2024\/05\/La-Rambla-Tables-1-scaled.jpg\" data-elementor-open-lightbox=\"yes\" data-elementor-lightbox-slideshow=\"99ced1b\" data-elementor-lightbox-title=\"La Rambla Tables (1)\" data-e-action-hash=\"#elementor-action%3Aaction%3Dlightbox%26settings%3DeyJpZCI6NzY3LCJ1cmwiOiJodHRwczpcL1wvd3d3LmtuZ3N0cmVldHMuY29tXC93cC1jb250ZW50XC91cGxvYWRzXC8yMDI0XC8wNVwvTGEtUmFtYmxhLVRhYmxlcy0xLXNjYWxlZC5qcGciLCJzbGlkZXNob3ciOiI5OWNlZDFiIn0%3D\">\n\t\t\t\t\t<div class=\"e-gallery-image elementor-gallery-item__image\" data-thumbnail=\"https:\/\/www.kngstreets.com\/wp-content\/uploads\/2024\/05\/La-Rambla-Tables-1-500x333.jpg\" data-width=\"500\" data-height=\"333\" aria-label=\"outdoor tables\" role=\"img\" ><\/div>\n\t\t\t\t\t\t\t\t\t\t\t<div class=\"elementor-gallery-item__overlay\"><\/div>\n\t\t\t\t\t\t\t\t\t\t\t\t\t\t<\/a>\n\t\t\t\t\t\t\t<a class=\"e-gallery-item elementor-gallery-item elementor-animated-content\" data-e-gallery-tags=\"0\" href=\"https:\/\/www.kngstreets.com\/wp-content\/uploads\/2024\/05\/La-Rambla-Tables-2-scaled.jpg\" data-elementor-open-lightbox=\"yes\" data-elementor-lightbox-slideshow=\"99ced1b\" data-elementor-lightbox-title=\"La Rambla Tables (2)\" data-e-action-hash=\"#elementor-action%3Aaction%3Dlightbox%26settings%3DeyJpZCI6NzY4LCJ1cmwiOiJodHRwczpcL1wvd3d3LmtuZ3N0cmVldHMuY29tXC93cC1jb250ZW50XC91cGxvYWRzXC8yMDI0XC8wNVwvTGEtUmFtYmxhLVRhYmxlcy0yLXNjYWxlZC5qcGciLCJzbGlkZXNob3ciOiI5OWNlZDFiIn0%3D\">\n\t\t\t\t\t<div class=\"e-gallery-image elementor-gallery-item__image\" data-thumbnail=\"https:\/\/www.kngstreets.com\/wp-content\/uploads\/2024\/05\/La-Rambla-Tables-2-500x333.jpg\" data-width=\"500\" data-height=\"333\" aria-label=\"\" role=\"img\" ><\/div>\n\t\t\t\t\t\t\t\t\t\t\t<div class=\"elementor-gallery-item__overlay\"><\/div>\n\t\t\t\t\t\t\t\t\t\t\t\t\t\t<\/a>\n\t\t\t\t\t<\/div>\n\t\t\t\t\t<\/div>\n\t\t\t\t<\/div>\n\t\t\t\t\t<\/div>\n\t\t\t\t<\/div>\n\t\t<div class=\"elementor-element elementor-element-b9a114f e-flex e-con-boxed e-con e-parent\" data-id=\"b9a114f\" data-element_type=\"container\" data-e-type=\"container\">\n\t\t\t\t\t<div class=\"e-con-inner\">\n\t\t\t\t<div class=\"elementor-element elementor-element-da3bb31 elementor-widget-divider--view-line elementor-widget elementor-widget-divider\" data-id=\"da3bb31\" data-element_type=\"widget\" data-e-type=\"widget\" data-widget_type=\"divider.default\">\n\t\t\t\t<div class=\"elementor-widget-container\">\n\t\t\t\t\t\t\t<div class=\"elementor-divider\">\n\t\t\t<span class=\"elementor-divider-separator\">\n\t\t\t\t\t\t<\/span>\n\t\t<\/div>\n\t\t\t\t\t\t<\/div>\n\t\t\t\t<\/div>\n\t\t\t\t\t<\/div>\n\t\t\t\t<\/div>\n\t\t<div class=\"elementor-element elementor-element-ec24d4d e-flex e-con-boxed elementor-invisible e-con e-parent\" data-id=\"ec24d4d\" data-element_type=\"container\" data-e-type=\"container\" data-settings=\"{&quot;animation&quot;:&quot;fadeInLeft&quot;}\">\n\t\t\t\t\t<div class=\"e-con-inner\">\n\t\t<div class=\"elementor-element elementor-element-e015ba7 e-con-full e-flex e-con e-child\" data-id=\"e015ba7\" data-element_type=\"container\" data-e-type=\"container\">\n\t\t\t\t<div class=\"elementor-element elementor-element-f2623ff elementor-widget elementor-widget-heading\" data-id=\"f2623ff\" data-element_type=\"widget\" data-e-type=\"widget\" data-widget_type=\"heading.default\">\n\t\t\t\t<div class=\"elementor-widget-container\">\n\t\t\t\t\t<h2 class=\"elementor-heading-title elementor-size-default\">Our Premium Outdoor Table: The Heart of Outdoor Gatherings\n<\/h2>\t\t\t\t<\/div>\n\t\t\t\t<\/div>\n\t\t\t\t<div class=\"elementor-element elementor-element-c1e3c7a elementor-widget__width-initial elementor-widget elementor-widget-text-editor\" data-id=\"c1e3c7a\" data-element_type=\"widget\" data-e-type=\"widget\" data-widget_type=\"text-editor.default\">\n\t\t\t\t<div class=\"elementor-widget-container\">\n\t\t\t\t\t\t\t\t\t<p>The KNG Streets <b>Au\u00dfentisch<\/b> Bereiche konzipiert. Als vielseitige L\u00f6sung f\u00fcr Picknicks und gemeinsames Essen bietet er eine stabile und einladende Oberfl\u00e4che f\u00fcr Mahlzeiten und Interaktion im Freien. Seine gro\u00dfz\u00fcgigen Abmessungen bieten bequem Platz f\u00fcr Gruppen, f\u00f6rdern ein Gemeinschaftsgef\u00fchl und machen ihn perfekt f\u00fcr verschiedene Outdoor-Aktivit\u00e4ten, von lockeren Mittagessen bis zu geplanten Veranstaltungen. Dieses <b>Au\u00dfentisch<\/b> Es ist so gebaut, dass es kontinuierlicher Nutzung und unterschiedlichen Wetterbedingungen standh\u00e4lt und \u00fcber Jahre hinweg eine zuverl\u00e4ssige und attraktive Einrichtung bleibt.<\/p>\t\t\t\t\t\t\t\t<\/div>\n\t\t\t\t<\/div>\n\t\t\t\t<\/div>\n\t\t<div class=\"elementor-element elementor-element-d5136fc e-con-full e-flex e-con e-child\" data-id=\"d5136fc\" data-element_type=\"container\" data-e-type=\"container\">\n\t\t\t\t<div class=\"elementor-element elementor-element-bc3f035 elementor-widget elementor-widget-image\" data-id=\"bc3f035\" data-element_type=\"widget\" data-e-type=\"widget\" data-widget_type=\"image.default\">\n\t\t\t\t<div class=\"elementor-widget-container\">\n\t\t\t\t\t\t\t\t\t\t\t\t\t\t\t<img decoding=\"async\" src=\"https:\/\/www.kngstreets.com\/wp-content\/uploads\/elementor\/thumbs\/La-Rambla-Tables-1-scaled-qnzw0legvce6v8bxb8uvfqvt2bu071pmq9g4lyqfy8.jpg\" title=\"La Rambla Tables (1)\" alt=\"outdoor tables\" loading=\"lazy\" \/>\t\t\t\t\t\t\t\t\t\t\t\t\t\t\t<\/div>\n\t\t\t\t<\/div>\n\t\t\t\t<\/div>\n\t\t\t\t\t<\/div>\n\t\t\t\t<\/div>\n\t\t<div class=\"elementor-element elementor-element-d2fd000 e-flex e-con-boxed elementor-invisible e-con e-parent\" data-id=\"d2fd000\" data-element_type=\"container\" data-e-type=\"container\" data-settings=\"{&quot;animation&quot;:&quot;fadeIn&quot;}\">\n\t\t\t\t\t<div class=\"e-con-inner\">\n\t\t\t\t<div class=\"elementor-element elementor-element-4905e87 elementor-widget elementor-widget-heading\" data-id=\"4905e87\" data-element_type=\"widget\" data-e-type=\"widget\" data-widget_type=\"heading.default\">\n\t\t\t\t<div class=\"elementor-widget-container\">\n\t\t\t\t\t<h3 class=\"elementor-heading-title elementor-size-default\">\u00dcberlegene Materialien: Holz und Faserzement f\u00fcr langlebige Au\u00dfentische\n<\/h3>\t\t\t\t<\/div>\n\t\t\t\t<\/div>\n\t\t\t\t<div class=\"elementor-element elementor-element-3b098e5 elementor-widget elementor-widget-text-editor\" data-id=\"3b098e5\" data-element_type=\"widget\" data-e-type=\"widget\" data-widget_type=\"text-editor.default\">\n\t\t\t\t<div class=\"elementor-widget-container\">\n\t\t\t\t\t\t\t\t\tDie au\u00dfergew\u00f6hnliche Haltbarkeit und langfristige \u00e4sthetische Anziehungskraft unseres Au\u00dfentisches basiert auf den sorgf\u00e4ltig ausgew\u00e4hlten hochwertigen, von Natur aus witterungsbest\u00e4ndigen Materialien: hochwertigem Holz und robustem Faserzement. Bei KNG Streets geht unser unersch\u00fctterliches Engagement \u00fcber die blo\u00dfe Funktionalit\u00e4t hinaus; wir priorisieren Komponenten, die nicht nur daf\u00fcr konstruiert sind, den anspruchsvollsten Bedingungen verschiedenster Au\u00dfenumgebungen \u2013 von sengender Sonne und sintflutartigem Regen bis hin zu Frosttemperaturen, intensiver UV-Bestrahlung und starkem Publikumsverkehr \u2013 standzuhalten, sondern auch darauf ausgelegt sind, ihre nat\u00fcrliche Sch\u00f6nheit, lebendige Oberfl\u00e4che und unersch\u00fctterliche strukturelle Integrit\u00e4t \u00fcber viele Jahrzehnte hinweg elegant zu bewahren. Dieser rigorose, facettenreiche Auswahlprozess stellt sicher, dass jeder Tisch au\u00dfergew\u00f6hnlichen, dauerhaften Wert bietet, minimalen laufenden Wartungsaufwand erfordert und kontinuierlich das st\u00e4dtische oder private Umfeld mit seiner best\u00e4ndigen Qualit\u00e4t, seinem anspruchsvollen Design und seiner robusten Leistung bereichert.\n\t\t\t\t\t\t\t\t<\/div>\n\t\t\t\t<\/div>\n\t\t\t\t<div class=\"elementor-element elementor-element-c7e718b elementor-widget__width-initial elementor-widget elementor-widget-text-editor\" data-id=\"c7e718b\" data-element_type=\"widget\" data-e-type=\"widget\" data-widget_type=\"text-editor.default\">\n\t\t\t\t<div class=\"elementor-widget-container\">\n\t\t\t\t\t\t\t\t\t<ul><li><b>Hochwertiges Holz<\/b> Die Holzelemente unseres <b>Au\u00dfentisch<\/b> werden aufgrund ihrer nat\u00fcrlichen W\u00e4rme, klassischen Ausstrahlung und inh\u00e4renten St\u00e4rke ausgew\u00e4hlt. F\u00fcr den Au\u00dfeneinsatz behandelt, widersteht dieses Holz F\u00e4ulnis, Insekten und Verfall und gew\u00e4hrleistet auch in anspruchsvollen Klimazonen langanhaltende Sch\u00f6nheit und strukturelle Integrit\u00e4t. Es bietet eine komfortable und einladende Oberfl\u00e4che, die die nat\u00fcrliche Umgebung erg\u00e4nzt.<\/li><li><b>Langlebiger Faserzement<\/b> Die Faserzement-Komponenten bieten unglaubliche Widerstandsf\u00e4higkeit und Stabilit\u00e4t. Dieses fortschrittliche Verbundmaterial ist hochgradig widerstandsf\u00e4hig gegen St\u00f6\u00dfe, Frost, Feuer und Feuchtigkeit und eignet sich daher besonders f\u00fcr den Au\u00dfeneinsatz. Die glatte, moderne Oberfl\u00e4che bietet einen auff\u00e4lligen Kontrast zum Holz und schafft ein zeitgem\u00e4\u00dfes, aber dennoch zeitloses Design, das sowohl robust als auch optisch ansprechend ist.<\/li><li style=\"list-style-type: none;\">\u00a0<\/li><\/ul>\t\t\t\t\t\t\t\t<\/div>\n\t\t\t\t<\/div>\n\t\t\t\t\t<\/div>\n\t\t\t\t<\/div>\n\t\t<div class=\"elementor-element elementor-element-6b5359c e-flex e-con-boxed elementor-invisible e-con e-parent\" data-id=\"6b5359c\" data-element_type=\"container\" data-e-type=\"container\" data-settings=\"{&quot;animation&quot;:&quot;fadeIn&quot;}\">\n\t\t\t\t\t<div class=\"e-con-inner\">\n\t\t\t\t<div class=\"elementor-element elementor-element-f251b52 elementor-widget elementor-widget-heading\" data-id=\"f251b52\" data-element_type=\"widget\" data-e-type=\"widget\" data-widget_type=\"heading.default\">\n\t\t\t\t<div class=\"elementor-widget-container\">\n\t\t\t\t\t<h3 class=\"elementor-heading-title elementor-size-default\">Anwendungsbereiche: Wo unsere Au\u00dfentische gl\u00e4nzen\n<\/h3>\t\t\t\t<\/div>\n\t\t\t\t<\/div>\n\t\t\t\t<div class=\"elementor-element elementor-element-f0d72cd elementor-widget elementor-widget-text-editor\" data-id=\"f0d72cd\" data-element_type=\"widget\" data-e-type=\"widget\" data-widget_type=\"text-editor.default\">\n\t\t\t\t<div class=\"elementor-widget-container\">\n\t\t\t\t\t\t\t\t\t<p>Unsere vielseitigen <b>Au\u00dfentisch<\/b> ist perfekt f\u00fcr eine Vielzahl von Umgebungen geeignet, erleichtert Essen, Interaktion und Entspannung und verbessert gleichzeitig die Gesamt\u00e4sthetik:<\/p>\t\t\t\t\t\t\t\t<\/div>\n\t\t\t\t<\/div>\n\t\t\t\t<div class=\"elementor-element elementor-element-3065526 elementor-widget elementor-widget-text-editor\" data-id=\"3065526\" data-element_type=\"widget\" data-e-type=\"widget\" data-widget_type=\"text-editor.default\">\n\t\t\t\t<div class=\"elementor-widget-container\">\n\t\t\t\t\t\t\t\t\t<ul><li><p><b>\u00d6ffentliche Parks und Gr\u00fcnfl\u00e4chen:<\/b> Bietet langlebige Picknick- und Gemeinschaftsessen-L\u00f6sungen f\u00fcr Familien und Gruppen.<\/p><\/li><li><p><b>Caf\u00e9s, Restaurants und Brauereien:<\/b> Bietet einladende Au\u00dfenbereiche f\u00fcr G\u00e4ste, um Mahlzeiten im Freien zu genie\u00dfen.<\/p><\/li><li><p><b>Unternehmens- und B\u00fcroparks:<\/b> Schaffung von Au\u00dfenpausenbereichen und kollaborativen R\u00e4umen f\u00fcr Mitarbeiter.<\/p><\/li><li><p><b>Bildungseinrichtungen<\/b> Ausstattung von Au\u00dfenlernfl\u00e4chen, Cafeterien und Gemeinschaftsbereichen f\u00fcr Studierende und Fakult\u00e4tsmitglieder.<\/p><\/li><li><p><b>Einzelhandelsentwicklungen und Einkaufszentren:<\/b> Verbesserung von Au\u00dfenpl\u00e4tzen und Kundenruhezonen, um l\u00e4ngere Aufenthalte zu f\u00f6rdern.<\/p><\/li><li><p><b>Wohnanlagen und Hausbesitzervereinigungen (HOAs):<\/b> Bereitstellung gemeinsamer Annehmlichkeiten f\u00fcr Bewohner in gemeinschaftlichen Au\u00dfenbereichen.<\/p><\/li><li><p><b>Gemeindezentren und Veranstaltungsorte:<\/b> Unterst\u00fctzung von Versammlungen und Veranstaltungen mit robusten und zug\u00e4nglichen Au\u00dfenessensm\u00f6glichkeiten.<\/p><\/li><\/ul>\t\t\t\t\t\t\t\t<\/div>\n\t\t\t\t<\/div>\n\t\t\t\t\t<\/div>\n\t\t\t\t<\/div>\n\t\t<div class=\"elementor-element elementor-element-e16f58d e-flex e-con-boxed e-con e-parent\" data-id=\"e16f58d\" data-element_type=\"container\" data-e-type=\"container\">\n\t\t\t\t\t<div class=\"e-con-inner\">\n\t\t\t\t<div class=\"elementor-element elementor-element-f8846ad elementor-widget-divider--view-line elementor-widget elementor-widget-divider\" data-id=\"f8846ad\" data-element_type=\"widget\" data-e-type=\"widget\" data-widget_type=\"divider.default\">\n\t\t\t\t<div class=\"elementor-widget-container\">\n\t\t\t\t\t\t\t<div class=\"elementor-divider\">\n\t\t\t<span class=\"elementor-divider-separator\">\n\t\t\t\t\t\t<\/span>\n\t\t<\/div>\n\t\t\t\t\t\t<\/div>\n\t\t\t\t<\/div>\n\t\t\t\t\t<\/div>\n\t\t\t\t<\/div>\n\t\t<div class=\"elementor-element elementor-element-b967d80 e-flex e-con-boxed elementor-invisible e-con e-parent\" data-id=\"b967d80\" data-element_type=\"container\" data-e-type=\"container\" data-settings=\"{&quot;animation&quot;:&quot;fadeIn&quot;}\">\n\t\t\t\t\t<div class=\"e-con-inner\">\n\t\t\t\t<div class=\"elementor-element elementor-element-51a3755 elementor-widget elementor-widget-heading\" data-id=\"51a3755\" data-element_type=\"widget\" data-e-type=\"widget\" data-widget_type=\"heading.default\">\n\t\t\t\t<div class=\"elementor-widget-container\">\n\t\t\t\t\t<h3 class=\"elementor-heading-title elementor-size-default\">Der KNG Streets Vorteil: Warum unseren Au\u00dfentisch w\u00e4hlen?\n<\/h3>\t\t\t\t<\/div>\n\t\t\t\t<\/div>\n\t\t\t\t<div class=\"elementor-element elementor-element-071841d elementor-widget elementor-widget-text-editor\" data-id=\"071841d\" data-element_type=\"widget\" data-e-type=\"widget\" data-widget_type=\"text-editor.default\">\n\t\t\t\t<div class=\"elementor-widget-container\">\n\t\t\t\t\t\t\t\t\t<p>Die Wahl von <b>Au\u00dfentisch<\/b> Von KNG Streets zu w\u00e4hlen bedeutet, in ein Produkt zu investieren, das innovatives Design mit kompromissloser Qualit\u00e4t, Haltbarkeit und dem Engagement zur Schaffung funktionaler, sch\u00f6ner \u00f6ffentlicher R\u00e4ume verbindet. Unsere Vorteile umfassen:<\/p>\t\t\t\t\t\t\t\t<\/div>\n\t\t\t\t<\/div>\n\t\t\t\t<div class=\"elementor-element elementor-element-2ea1eaf elementor-widget elementor-widget-text-editor\" data-id=\"2ea1eaf\" data-element_type=\"widget\" data-e-type=\"widget\" data-widget_type=\"text-editor.default\">\n\t\t\t\t<div class=\"elementor-widget-container\">\n\t\t\t\t\t\t\t\t\t<ul><li style=\"list-style-type: none;\"><ul><li><p><b>Haltbarkeit:<\/b> Built with weather-resistant wood and fibercement materials to withstand all climates and heavy public use.<\/p><\/li><li><p><b>Vielseitiges Design:<\/b> Eine zeitlose \u00c4sthetik, die eine Vielzahl architektonischer und landschaftlicher Visionen erg\u00e4nzt.<\/p><\/li><li><p><b>Funktionale Exzellenz:<\/b> F\u00fcr Stabilit\u00e4t, Benutzerfreundlichkeit und Anpassungsf\u00e4higkeit an verschiedene Outdoor-Ess- und Versammlungsaktivit\u00e4ten konzipiert.<\/p><\/li><li><p><b>Geringer Wartungsaufwand:<\/b> Materialien, die f\u00fcr einfache Reinigung und minimalen Wartungsaufwand ausgew\u00e4hlt wurden, wodurch die Betriebskosten gesenkt werden.<\/p><\/li><li><p><b>Robuste Konstruktion:<\/b> F\u00fcr langfristige Leistung konzipiert, um eine dauerhafte Investition in Ihren Au\u00dfenbereich zu gew\u00e4hrleisten.<\/p><\/li><li><p><b>Expertenberatung:<\/b> Unser Team bietet Beratung von der Auswahl bis zu ma\u00dfgeschneiderten L\u00f6sungen f\u00fcr Ihre spezifischen Outdoor-Tisch-Projektanforderungen.<\/p><\/li><\/ul><\/li><\/ul>\t\t\t\t\t\t\t\t<\/div>\n\t\t\t\t<\/div>\n\t\t\t\t<div class=\"elementor-element elementor-element-5194c1d elementor-widget elementor-widget-button\" data-id=\"5194c1d\" data-element_type=\"widget\" data-e-type=\"widget\" data-widget_type=\"button.default\">\n\t\t\t\t<div class=\"elementor-widget-container\">\n\t\t\t\t\t\t\t\t\t<div class=\"elementor-button-wrapper\">\n\t\t\t\t\t<a class=\"elementor-button elementor-button-link elementor-size-sm\" href=\"#outdoor-planters\">\n\t\t\t\t\t\t<span class=\"elementor-button-content-wrapper\">\n\t\t\t\t\t\t<span class=\"elementor-button-icon\">\n\t\t\t\t<svg aria-hidden=\"true\" class=\"e-font-icon-svg e-fas-arrow-up\" viewbox=\"0 0 448 512\" xmlns=\"http:\/\/www.w3.org\/2000\/svg\"><path d=\"M34.9 289.5l-22.2-22.2c-9.4-9.4-9.4-24.6 0-33.9L207 39c9.4-9.4 24.6-9.4 33.9 0l194.3 194.3c9.4 9.4 9.4 24.6 0 33.9L413 289.4c-9.5 9.5-25 9.3-34.3-.4L264 168.6V456c0 13.3-10.7 24-24 24h-32c-13.3 0-24-10.7-24-24V168.6L69.2 289.1c-9.3 9.8-24.8 10-34.3.4z\"><\/path><\/svg>\t\t\t<\/span>\n\t\t\t\t\t\t\t\t\t<span class=\"elementor-button-text\">Zur\u00fcck zu den Tischen<\/span>\n\t\t\t\t\t<\/span>\n\t\t\t\t\t<\/a>\n\t\t\t\t<\/div>\n\t\t\t\t\t\t\t\t<\/div>\n\t\t\t\t<\/div>\n\t\t\t\t\t<\/div>\n\t\t\t\t<\/div>\n\t\t\t\t<\/div>","protected":false},"excerpt":{"rendered":"<p>Outdoor Tables At KNG Streets, we believe that outdoor tables are fundamental to creating inviting and functional communal spaces. Our meticulously crafted outdoor table is designed to be the centerpiece&#8230;<\/p>","protected":false},"author":3,"featured_media":0,"parent":0,"menu_order":0,"comment_status":"closed","ping_status":"closed","template":"","meta":{"footnotes":""},"class_list":["post-759","page","type-page","status-publish"],"_links":{"self":[{"href":"https:\/\/www.kngstreets.com\/de\/wp-json\/wp\/v2\/pages\/759","targetHints":{"allow":["GET"]}}],"collection":[{"href":"https:\/\/www.kngstreets.com\/de\/wp-json\/wp\/v2\/pages"}],"about":[{"href":"https:\/\/www.kngstreets.com\/de\/wp-json\/wp\/v2\/types\/page"}],"author":[{"embeddable":true,"href":"https:\/\/www.kngstreets.com\/de\/wp-json\/wp\/v2\/users\/3"}],"replies":[{"embeddable":true,"href":"https:\/\/www.kngstreets.com\/de\/wp-json\/wp\/v2\/comments?post=759"}],"version-history":[{"count":31,"href":"https:\/\/www.kngstreets.com\/de\/wp-json\/wp\/v2\/pages\/759\/revisions"}],"predecessor-version":[{"id":1607,"href":"https:\/\/www.kngstreets.com\/de\/wp-json\/wp\/v2\/pages\/759\/revisions\/1607"}],"wp:attachment":[{"href":"https:\/\/www.kngstreets.com\/de\/wp-json\/wp\/v2\/media?parent=759"}],"curies":[{"name":"wp","href":"https:\/\/api.w.org\/{rel}","templated":true}]}}