{"id":972,"date":"2024-05-09T21:38:32","date_gmt":"2024-05-09T21:38:32","guid":{"rendered":"https:\/\/www.kngstreets.com\/?page_id=972"},"modified":"2024-05-09T21:42:28","modified_gmt":"2024-05-09T21:42:28","slug":"istiklal","status":"publish","type":"page","link":"https:\/\/www.kngstreets.com\/tr\/istiklal\/","title":{"rendered":"\u0130stiklal"},"content":{"rendered":"<div data-elementor-type=\"wp-page\" data-elementor-id=\"972\" class=\"elementor elementor-972\" data-elementor-post-type=\"page\">\n\t\t\t\t<div class=\"elementor-element elementor-element-51c58a5 e-flex e-con-boxed e-con e-parent\" data-id=\"51c58a5\" data-element_type=\"container\" data-e-type=\"container\">\n\t\t\t\t\t<div class=\"e-con-inner\">\n\t\t\t\t<div class=\"elementor-element elementor-element-cda6f4b elementor-widget elementor-widget-heading\" data-id=\"cda6f4b\" data-element_type=\"widget\" data-e-type=\"widget\" data-widget_type=\"heading.default\">\n\t\t\t\t<div class=\"elementor-widget-container\">\n\t\t\t\t\t<h2 class=\"elementor-heading-title elementor-size-default\">\u0130ST\u0130KLAL<\/h2>\t\t\t\t<\/div>\n\t\t\t\t<\/div>\n\t\t\t\t\t<\/div>\n\t\t\t\t<\/div>\n\t\t<div class=\"elementor-element elementor-element-f043768 e-flex e-con-boxed e-con e-parent\" data-id=\"f043768\" data-element_type=\"container\" data-e-type=\"container\">\n\t\t\t\t\t<div class=\"e-con-inner\">\n\t\t\t\t<div class=\"elementor-element elementor-element-99ced1b elementor-widget elementor-widget-gallery\" data-id=\"99ced1b\" data-element_type=\"widget\" data-e-type=\"widget\" data-settings=\"{&quot;lazyload&quot;:&quot;yes&quot;,&quot;gallery_layout&quot;:&quot;grid&quot;,&quot;columns&quot;:4,&quot;columns_tablet&quot;:2,&quot;columns_mobile&quot;:1,&quot;gap&quot;:{&quot;unit&quot;:&quot;px&quot;,&quot;size&quot;:10,&quot;sizes&quot;:[]},&quot;gap_tablet&quot;:{&quot;unit&quot;:&quot;px&quot;,&quot;size&quot;:10,&quot;sizes&quot;:[]},&quot;gap_mobile&quot;:{&quot;unit&quot;:&quot;px&quot;,&quot;size&quot;:10,&quot;sizes&quot;:[]},&quot;link_to&quot;:&quot;file&quot;,&quot;aspect_ratio&quot;:&quot;3:2&quot;,&quot;overlay_background&quot;:&quot;yes&quot;,&quot;content_hover_animation&quot;:&quot;fade-in&quot;}\" data-widget_type=\"gallery.default\">\n\t\t\t\t<div class=\"elementor-widget-container\">\n\t\t\t\t\t\t\t\t<div class=\"elementor-gallery__titles-container e--pointer-underline e--animation-fade\" aria-label=\"Gallery filter\" data-no-translation-aria-label=\"\">\n\t\t\t\t\n\t\t\t\t\t\t\t\t\t<a class=\"elementor-item elementor-gallery-title\" role=\"button\" tabindex=\"0\" data-gallery-index=\"0\">\n\t\t\t\t\t\t\t\t\t\t\t<\/a>\n\t\t\t\t\t\t\t\t<\/div>\n\t\t\t\t\t<div class=\"elementor-gallery__container\">\n\t\t\t\t\t\t\t<a class=\"e-gallery-item elementor-gallery-item elementor-animated-content\" data-e-gallery-tags=\"0\" href=\"https:\/\/www.kngstreets.com\/wp-content\/uploads\/2024\/05\/Istiklal-Trash-Bins-1-1-scaled.jpg\" data-elementor-open-lightbox=\"yes\" data-elementor-lightbox-slideshow=\"99ced1b\" data-elementor-lightbox-title=\"\u0130stiklal Trash Bins (1)\" data-e-action-hash=\"#elementor-action%3Aaction%3Dlightbox%26settings%3DeyJpZCI6OTgwLCJ1cmwiOiJodHRwczpcL1wvd3d3LmtuZ3N0cmVldHMuY29tXC93cC1jb250ZW50XC91cGxvYWRzXC8yMDI0XC8wNVwvSXN0aWtsYWwtVHJhc2gtQmlucy0xLTEtc2NhbGVkLmpwZyIsInNsaWRlc2hvdyI6Ijk5Y2VkMWIifQ%3D%3D\">\n\t\t\t\t\t<div class=\"e-gallery-image elementor-gallery-item__image\" data-thumbnail=\"https:\/\/www.kngstreets.com\/wp-content\/uploads\/2024\/05\/Istiklal-Trash-Bins-1-1-500x333.jpg\" data-width=\"500\" data-height=\"333\" aria-label=\"\" role=\"img\" ><\/div>\n\t\t\t\t\t\t\t\t\t\t\t<div class=\"elementor-gallery-item__overlay\"><\/div>\n\t\t\t\t\t\t\t\t\t\t\t\t\t\t<\/a>\n\t\t\t\t\t\t\t<a class=\"e-gallery-item elementor-gallery-item elementor-animated-content\" data-e-gallery-tags=\"0\" href=\"https:\/\/www.kngstreets.com\/wp-content\/uploads\/2024\/05\/Istiklal-Trash-Bins-2-1-scaled.jpg\" data-elementor-open-lightbox=\"yes\" data-elementor-lightbox-slideshow=\"99ced1b\" data-elementor-lightbox-title=\"\u0130stiklal Trash Bins (2)\" data-e-action-hash=\"#elementor-action%3Aaction%3Dlightbox%26settings%3DeyJpZCI6OTgxLCJ1cmwiOiJodHRwczpcL1wvd3d3LmtuZ3N0cmVldHMuY29tXC93cC1jb250ZW50XC91cGxvYWRzXC8yMDI0XC8wNVwvSXN0aWtsYWwtVHJhc2gtQmlucy0yLTEtc2NhbGVkLmpwZyIsInNsaWRlc2hvdyI6Ijk5Y2VkMWIifQ%3D%3D\">\n\t\t\t\t\t<div class=\"e-gallery-image elementor-gallery-item__image\" data-thumbnail=\"https:\/\/www.kngstreets.com\/wp-content\/uploads\/2024\/05\/Istiklal-Trash-Bins-2-1-500x333.jpg\" data-width=\"500\" data-height=\"333\" aria-label=\"d\u0131\u015f mekan \u00e7\u00f6p kutular\u0131m\u0131z\" role=\"img\" ><\/div>\n\t\t\t\t\t\t\t\t\t\t\t<div class=\"elementor-gallery-item__overlay\"><\/div>\n\t\t\t\t\t\t\t\t\t\t\t\t\t\t<\/a>\n\t\t\t\t\t\t\t<a class=\"e-gallery-item elementor-gallery-item elementor-animated-content\" data-e-gallery-tags=\"0\" href=\"https:\/\/www.kngstreets.com\/wp-content\/uploads\/2024\/05\/Istiklal-Trash-Bins-3-1-scaled.jpg\" data-elementor-open-lightbox=\"yes\" data-elementor-lightbox-slideshow=\"99ced1b\" data-elementor-lightbox-title=\"\u0130stiklal Trash Bins (3)\" data-e-action-hash=\"#elementor-action%3Aaction%3Dlightbox%26settings%3DeyJpZCI6OTgyLCJ1cmwiOiJodHRwczpcL1wvd3d3LmtuZ3N0cmVldHMuY29tXC93cC1jb250ZW50XC91cGxvYWRzXC8yMDI0XC8wNVwvSXN0aWtsYWwtVHJhc2gtQmlucy0zLTEtc2NhbGVkLmpwZyIsInNsaWRlc2hvdyI6Ijk5Y2VkMWIifQ%3D%3D\">\n\t\t\t\t\t<div class=\"e-gallery-image elementor-gallery-item__image\" data-thumbnail=\"https:\/\/www.kngstreets.com\/wp-content\/uploads\/2024\/05\/Istiklal-Trash-Bins-3-1-500x333.jpg\" data-width=\"500\" data-height=\"333\" aria-label=\"\" role=\"img\" ><\/div>\n\t\t\t\t\t\t\t\t\t\t\t<div class=\"elementor-gallery-item__overlay\"><\/div>\n\t\t\t\t\t\t\t\t\t\t\t\t\t\t<\/a>\n\t\t\t\t\t\t\t<a class=\"e-gallery-item elementor-gallery-item elementor-animated-content\" data-e-gallery-tags=\"0\" href=\"https:\/\/www.kngstreets.com\/wp-content\/uploads\/2024\/05\/Istiklal-Trash-Bins-4-1-scaled.jpg\" data-elementor-open-lightbox=\"yes\" data-elementor-lightbox-slideshow=\"99ced1b\" data-elementor-lightbox-title=\"\u0130stiklal Trash Bins (4)\" data-e-action-hash=\"#elementor-action%3Aaction%3Dlightbox%26settings%3DeyJpZCI6OTg0LCJ1cmwiOiJodHRwczpcL1wvd3d3LmtuZ3N0cmVldHMuY29tXC93cC1jb250ZW50XC91cGxvYWRzXC8yMDI0XC8wNVwvSXN0aWtsYWwtVHJhc2gtQmlucy00LTEtc2NhbGVkLmpwZyIsInNsaWRlc2hvdyI6Ijk5Y2VkMWIifQ%3D%3D\">\n\t\t\t\t\t<div class=\"e-gallery-image elementor-gallery-item__image\" data-thumbnail=\"https:\/\/www.kngstreets.com\/wp-content\/uploads\/2024\/05\/Istiklal-Trash-Bins-4-1-500x333.jpg\" data-width=\"500\" data-height=\"333\" aria-label=\"\" role=\"img\" ><\/div>\n\t\t\t\t\t\t\t\t\t\t\t<div class=\"elementor-gallery-item__overlay\"><\/div>\n\t\t\t\t\t\t\t\t\t\t\t\t\t\t<\/a>\n\t\t\t\t\t\t\t<a class=\"e-gallery-item elementor-gallery-item elementor-animated-content\" data-e-gallery-tags=\"0\" href=\"https:\/\/www.kngstreets.com\/wp-content\/uploads\/2024\/05\/Istiklal-Benches-2-2-scaled.jpg\" data-elementor-open-lightbox=\"yes\" data-elementor-lightbox-slideshow=\"99ced1b\" data-elementor-lightbox-title=\"\u0130stiklal Benches (2)\" data-e-action-hash=\"#elementor-action%3Aaction%3Dlightbox%26settings%3DeyJpZCI6OTg1LCJ1cmwiOiJodHRwczpcL1wvd3d3LmtuZ3N0cmVldHMuY29tXC93cC1jb250ZW50XC91cGxvYWRzXC8yMDI0XC8wNVwvSXN0aWtsYWwtQmVuY2hlcy0yLTItc2NhbGVkLmpwZyIsInNsaWRlc2hvdyI6Ijk5Y2VkMWIifQ%3D%3D\">\n\t\t\t\t\t<div class=\"e-gallery-image elementor-gallery-item__image\" data-thumbnail=\"https:\/\/www.kngstreets.com\/wp-content\/uploads\/2024\/05\/Istiklal-Benches-2-2-500x333.jpg\" data-width=\"500\" data-height=\"333\" aria-label=\"\" role=\"img\" ><\/div>\n\t\t\t\t\t\t\t\t\t\t\t<div class=\"elementor-gallery-item__overlay\"><\/div>\n\t\t\t\t\t\t\t\t\t\t\t\t\t\t<\/a>\n\t\t\t\t\t\t\t<a class=\"e-gallery-item elementor-gallery-item elementor-animated-content\" data-e-gallery-tags=\"0\" href=\"https:\/\/www.kngstreets.com\/wp-content\/uploads\/2024\/05\/Istiklal-Benches-3-1-scaled.jpg\" data-elementor-open-lightbox=\"yes\" data-elementor-lightbox-slideshow=\"99ced1b\" data-elementor-lightbox-title=\"\u0130stiklal Benches (3)\" data-e-action-hash=\"#elementor-action%3Aaction%3Dlightbox%26settings%3DeyJpZCI6OTg3LCJ1cmwiOiJodHRwczpcL1wvd3d3LmtuZ3N0cmVldHMuY29tXC93cC1jb250ZW50XC91cGxvYWRzXC8yMDI0XC8wNVwvSXN0aWtsYWwtQmVuY2hlcy0zLTEtc2NhbGVkLmpwZyIsInNsaWRlc2hvdyI6Ijk5Y2VkMWIifQ%3D%3D\">\n\t\t\t\t\t<div class=\"e-gallery-image elementor-gallery-item__image\" data-thumbnail=\"https:\/\/www.kngstreets.com\/wp-content\/uploads\/2024\/05\/Istiklal-Benches-3-1-500x333.jpg\" data-width=\"500\" data-height=\"333\" aria-label=\"\" role=\"img\" ><\/div>\n\t\t\t\t\t\t\t\t\t\t\t<div class=\"elementor-gallery-item__overlay\"><\/div>\n\t\t\t\t\t\t\t\t\t\t\t\t\t\t<\/a>\n\t\t\t\t\t\t\t<a class=\"e-gallery-item elementor-gallery-item elementor-animated-content\" data-e-gallery-tags=\"0\" href=\"https:\/\/www.kngstreets.com\/wp-content\/uploads\/2024\/05\/Istiklal-Benches-6-1-scaled.jpg\" data-elementor-open-lightbox=\"yes\" data-elementor-lightbox-slideshow=\"99ced1b\" data-elementor-lightbox-title=\"\u0130stiklal Benches (6)\" data-e-action-hash=\"#elementor-action%3Aaction%3Dlightbox%26settings%3DeyJpZCI6OTg4LCJ1cmwiOiJodHRwczpcL1wvd3d3LmtuZ3N0cmVldHMuY29tXC93cC1jb250ZW50XC91cGxvYWRzXC8yMDI0XC8wNVwvSXN0aWtsYWwtQmVuY2hlcy02LTEtc2NhbGVkLmpwZyIsInNsaWRlc2hvdyI6Ijk5Y2VkMWIifQ%3D%3D\">\n\t\t\t\t\t<div class=\"e-gallery-image elementor-gallery-item__image\" data-thumbnail=\"https:\/\/www.kngstreets.com\/wp-content\/uploads\/2024\/05\/Istiklal-Benches-6-1-500x333.jpg\" data-width=\"500\" data-height=\"333\" aria-label=\"\" role=\"img\" ><\/div>\n\t\t\t\t\t\t\t\t\t\t\t<div class=\"elementor-gallery-item__overlay\"><\/div>\n\t\t\t\t\t\t\t\t\t\t\t\t\t\t<\/a>\n\t\t\t\t\t\t\t<a class=\"e-gallery-item elementor-gallery-item elementor-animated-content\" data-e-gallery-tags=\"0\" href=\"https:\/\/www.kngstreets.com\/wp-content\/uploads\/2024\/05\/Istiklal-Benches-7-1-scaled.jpg\" data-elementor-open-lightbox=\"yes\" data-elementor-lightbox-slideshow=\"99ced1b\" data-elementor-lightbox-title=\"\u0130stiklal Benches (7)\" data-e-action-hash=\"#elementor-action%3Aaction%3Dlightbox%26settings%3DeyJpZCI6OTkwLCJ1cmwiOiJodHRwczpcL1wvd3d3LmtuZ3N0cmVldHMuY29tXC93cC1jb250ZW50XC91cGxvYWRzXC8yMDI0XC8wNVwvSXN0aWtsYWwtQmVuY2hlcy03LTEtc2NhbGVkLmpwZyIsInNsaWRlc2hvdyI6Ijk5Y2VkMWIifQ%3D%3D\">\n\t\t\t\t\t<div class=\"e-gallery-image elementor-gallery-item__image\" data-thumbnail=\"https:\/\/www.kngstreets.com\/wp-content\/uploads\/2024\/05\/Istiklal-Benches-7-1-500x333.jpg\" data-width=\"500\" data-height=\"333\" aria-label=\"\" role=\"img\" ><\/div>\n\t\t\t\t\t\t\t\t\t\t\t<div class=\"elementor-gallery-item__overlay\"><\/div>\n\t\t\t\t\t\t\t\t\t\t\t\t\t\t<\/a>\n\t\t\t\t\t<\/div>\n\t\t\t\t\t<\/div>\n\t\t\t\t<\/div>\n\t\t\t\t\t<\/div>\n\t\t\t\t<\/div>\n\t\t\t\t<\/div>","protected":false},"excerpt":{"rendered":"<p>\u0130ST\u0130KLAL<\/p>","protected":false},"author":3,"featured_media":0,"parent":0,"menu_order":0,"comment_status":"closed","ping_status":"closed","template":"","meta":{"footnotes":""},"class_list":["post-972","page","type-page","status-publish"],"_links":{"self":[{"href":"https:\/\/www.kngstreets.com\/tr\/wp-json\/wp\/v2\/pages\/972","targetHints":{"allow":["GET"]}}],"collection":[{"href":"https:\/\/www.kngstreets.com\/tr\/wp-json\/wp\/v2\/pages"}],"about":[{"href":"https:\/\/www.kngstreets.com\/tr\/wp-json\/wp\/v2\/types\/page"}],"author":[{"embeddable":true,"href":"https:\/\/www.kngstreets.com\/tr\/wp-json\/wp\/v2\/users\/3"}],"replies":[{"embeddable":true,"href":"https:\/\/www.kngstreets.com\/tr\/wp-json\/wp\/v2\/comments?post=972"}],"version-history":[{"count":4,"href":"https:\/\/www.kngstreets.com\/tr\/wp-json\/wp\/v2\/pages\/972\/revisions"}],"predecessor-version":[{"id":994,"href":"https:\/\/www.kngstreets.com\/tr\/wp-json\/wp\/v2\/pages\/972\/revisions\/994"}],"wp:attachment":[{"href":"https:\/\/www.kngstreets.com\/tr\/wp-json\/wp\/v2\/media?parent=972"}],"curies":[{"name":"wp","href":"https:\/\/api.w.org\/{rel}","templated":true}]}}